{"id":41,"date":"2023-03-24T12:17:16","date_gmt":"2023-03-24T11:17:16","guid":{"rendered":"https:\/\/pdfdotaznik.upol.cz\/pdfsurvey\/?page_id=41"},"modified":"2023-05-02T11:29:03","modified_gmt":"2023-05-02T09:29:03","slug":"dotaznik-001","status":"publish","type":"page","link":"https:\/\/pdfdotaznik.upol.cz\/pdfsurvey\/dotaznik-001\/","title":{"rendered":"DOTAZN\u00cdK PRO RODI\u010cE (Z\u0160 INTEGRA VSET\u00cdN)"},"content":{"rendered":"<p style=\"text-align: center;\"><span style=\"color: #ff0000;\"><em>Dotazn\u00edk byl uzav\u0159en.<\/em><\/span><\/p>\n","protected":false},"excerpt":{"rendered":"<p>Dotazn\u00edk byl uzav\u0159en.<\/p>\n","protected":false},"author":1,"featured_media":0,"parent":0,"menu_order":0,"comment_status":"closed","ping_status":"closed","template":"","meta":{"footnotes":""},"class_list":["post-41","page","type-page","status-publish","hentry"],"_links":{"self":[{"href":"https:\/\/pdfdotaznik.upol.cz\/pdfsurvey\/wp-json\/wp\/v2\/pages\/41","targetHints":{"allow":["GET"]}}],"collection":[{"href":"https:\/\/pdfdotaznik.upol.cz\/pdfsurvey\/wp-json\/wp\/v2\/pages"}],"about":[{"href":"https:\/\/pdfdotaznik.upol.cz\/pdfsurvey\/wp-json\/wp\/v2\/types\/page"}],"author":[{"embeddable":true,"href":"https:\/\/pdfdotaznik.upol.cz\/pdfsurvey\/wp-json\/wp\/v2\/users\/1"}],"replies":[{"embeddable":true,"href":"https:\/\/pdfdotaznik.upol.cz\/pdfsurvey\/wp-json\/wp\/v2\/comments?post=41"}],"version-history":[{"count":7,"href":"https:\/\/pdfdotaznik.upol.cz\/pdfsurvey\/wp-json\/wp\/v2\/pages\/41\/revisions"}],"predecessor-version":[{"id":80,"href":"https:\/\/pdfdotaznik.upol.cz\/pdfsurvey\/wp-json\/wp\/v2\/pages\/41\/revisions\/80"}],"wp:attachment":[{"href":"https:\/\/pdfdotaznik.upol.cz\/pdfsurvey\/wp-json\/wp\/v2\/media?parent=41"}],"curies":[{"name":"wp","href":"https:\/\/api.w.org\/{rel}","templated":true}]}}